{"id":2018,"date":"2024-03-09T22:16:26","date_gmt":"2024-03-09T22:16:26","guid":{"rendered":"http:\/\/fahrschuleabf.de\/?page_id=2018"},"modified":"2024-03-21T23:39:13","modified_gmt":"2024-03-21T23:39:13","slug":"impressum","status":"publish","type":"page","link":"http:\/\/fahrschuleabf.de\/?page_id=2018","title":{"rendered":"Impressum"},"content":{"rendered":"\t\t<div data-elementor-type=\"wp-page\" data-elementor-id=\"2018\" class=\"elementor elementor-2018\">\n\t\t\t\t<div class=\"elementor-element elementor-element-b56a6d4 e-flex e-con-boxed e-con e-parent\" data-id=\"b56a6d4\" data-element_type=\"container\">\n\t\t\t\t\t<div class=\"e-con-inner\">\n\t\t<div class=\"elementor-element elementor-element-266fac8e animated-slow e-flex e-con-boxed elementor-invisible e-con e-child\" data-id=\"266fac8e\" data-element_type=\"container\" data-settings=\"{&quot;animation&quot;:&quot;fadeInUp&quot;}\">\n\t\t\t\t\t<div class=\"e-con-inner\">\n\t\t\t\t<div class=\"elementor-element elementor-element-6eeddb8b elementor-widget elementor-widget-heading\" data-id=\"6eeddb8b\" data-element_type=\"widget\" data-widget_type=\"heading.default\">\n\t\t\t\t<div class=\"elementor-widget-container\">\n\t\t\t\t\t<h2 class=\"elementor-heading-title elementor-size-default\">Impressum<\/h2>\t\t\t\t<\/div>\n\t\t\t\t<\/div>\n\t\t\t\t<div class=\"elementor-element elementor-element-538dce93 elementor-widget elementor-widget-text-editor\" data-id=\"538dce93\" data-element_type=\"widget\" data-widget_type=\"text-editor.default\">\n\t\t\t\t<div class=\"elementor-widget-container\">\n\t\t\t\t\t\t\t\t\t<p><strong>Angaben gem\u00e4\u00df \u00a7 5 TMG<\/strong><br \/>ABF Bildungszentrum und Fahrschule UG (haftungsbeschr\u00e4nkt)<br \/>Rudower Str. 60<br \/>12524 Berlin<\/p><p><strong>HRB Nummer:\u00a0 <\/strong>HRB 251622 B<\/p><p><strong>Amtsgericht:<\/strong> Berlin Charlottenburg<\/p><p><strong>Vertreten durch:<\/strong><\/p><p>Herrn Serdal Celik<\/p><p><strong>Kontakt:<\/strong><\/p><p>Telefon: 0049 30<strong>\u00a0<\/strong>543 55 409<br \/>E-Mail: info@abf-berlin.de<\/p>\t\t\t\t\t\t\t\t<\/div>\n\t\t\t\t<\/div>\n\t\t\t\t\t<\/div>\n\t\t\t\t<\/div>\n\t\t\t\t\t<\/div>\n\t\t\t\t<\/div>\n\t\t\t\t<\/div>\n\t\t","protected":false},"excerpt":{"rendered":"<p>Impressum Angaben gem\u00e4\u00df \u00a7 5 TMGABF Bildungszentrum und Fahrschule UG (haftungsbeschr\u00e4nkt)Rudower Str. 6012524 Berlin HRB Nummer:\u00a0 HRB 251622 B Amtsgericht: Berlin Charlottenburg Vertreten durch: Herrn Serdal Celik Kontakt: Telefon: 0049 30\u00a0543 55 409E-Mail: info@abf-berlin.de<\/p>\n","protected":false},"author":1,"featured_media":0,"parent":0,"menu_order":0,"comment_status":"closed","ping_status":"closed","template":"elementor_header_footer","meta":{"footnotes":""},"yoast_head":"<!-- This site is optimized with the Yoast SEO plugin v23.5 - https:\/\/yoast.com\/wordpress\/plugins\/seo\/ -->\n<title>Impressum - Fahrschule ABF<\/title>\n<meta name=\"description\" content=\"Erwerbe den Impressum in Alt-Glienicke mit der Fahrschule ABF. Erstklassige Ausbildung und Unterst\u00fctzung f\u00fcr deinen F\u00fchrerschein.\" \/>\n<meta name=\"robots\" content=\"noindex, follow\" \/>\n<meta property=\"og:locale\" content=\"de_DE\" \/>\n<meta property=\"og:type\" content=\"article\" \/>\n<meta property=\"og:title\" content=\"Impressum - Fahrschule ABF\" \/>\n<meta property=\"og:description\" content=\"Erwerbe den Impressum in Alt-Glienicke mit der Fahrschule ABF. Erstklassige Ausbildung und Unterst\u00fctzung f\u00fcr deinen F\u00fchrerschein.\" \/>\n<meta property=\"og:url\" content=\"http:\/\/fahrschuleabf.de\/?page_id=2018\" \/>\n<meta property=\"og:site_name\" content=\"Fahrschule ABF\" \/>\n<meta property=\"article:modified_time\" content=\"2024-03-21T23:39:13+00:00\" \/>\n<meta name=\"twitter:card\" content=\"summary_large_image\" \/>\n<meta name=\"twitter:label1\" content=\"Gesch\u00e4tzte Lesezeit\" \/>\n\t<meta name=\"twitter:data1\" content=\"1 Minute\" \/>\n<script type=\"application\/ld+json\" class=\"yoast-schema-graph\">{\"@context\":\"https:\/\/schema.org\",\"@graph\":[{\"@type\":\"WebPage\",\"@id\":\"http:\/\/fahrschuleabf.de\/?page_id=2018\",\"url\":\"http:\/\/fahrschuleabf.de\/?page_id=2018\",\"name\":\"Impressum - Fahrschule ABF\",\"isPartOf\":{\"@id\":\"http:\/\/fahrschuleabf.de\/#website\"},\"datePublished\":\"2024-03-09T22:16:26+00:00\",\"dateModified\":\"2024-03-21T23:39:13+00:00\",\"description\":\"Erwerbe den Impressum in Alt-Glienicke mit der Fahrschule ABF. Erstklassige Ausbildung und Unterst\u00fctzung f\u00fcr deinen F\u00fchrerschein.\",\"breadcrumb\":{\"@id\":\"http:\/\/fahrschuleabf.de\/?page_id=2018#breadcrumb\"},\"inLanguage\":\"de-DE\",\"potentialAction\":[{\"@type\":\"ReadAction\",\"target\":[\"http:\/\/fahrschuleabf.de\/?page_id=2018\"]}]},{\"@type\":\"BreadcrumbList\",\"@id\":\"http:\/\/fahrschuleabf.de\/?page_id=2018#breadcrumb\",\"itemListElement\":[{\"@type\":\"ListItem\",\"position\":1,\"name\":\"Startseite\",\"item\":\"http:\/\/fahrschuleabf.de\/\"},{\"@type\":\"ListItem\",\"position\":2,\"name\":\"Impressum\"}]},{\"@type\":\"WebSite\",\"@id\":\"http:\/\/fahrschuleabf.de\/#website\",\"url\":\"http:\/\/fahrschuleabf.de\/\",\"name\":\"Fahrschule ABF\",\"description\":\"\",\"publisher\":{\"@id\":\"http:\/\/fahrschuleabf.de\/#organization\"},\"potentialAction\":[{\"@type\":\"SearchAction\",\"target\":{\"@type\":\"EntryPoint\",\"urlTemplate\":\"http:\/\/fahrschuleabf.de\/?s={search_term_string}\"},\"query-input\":{\"@type\":\"PropertyValueSpecification\",\"valueRequired\":true,\"valueName\":\"search_term_string\"}}],\"inLanguage\":\"de-DE\"},{\"@type\":\"Organization\",\"@id\":\"http:\/\/fahrschuleabf.de\/#organization\",\"name\":\"Fahrschule ABF\",\"url\":\"http:\/\/fahrschuleabf.de\/\",\"logo\":{\"@type\":\"ImageObject\",\"inLanguage\":\"de-DE\",\"@id\":\"http:\/\/fahrschuleabf.de\/#\/schema\/logo\/image\/\",\"url\":\"http:\/\/fahrschuleabf.de\/wp-content\/uploads\/2024\/03\/cropped-ABF-Logo-black.png\",\"contentUrl\":\"http:\/\/fahrschuleabf.de\/wp-content\/uploads\/2024\/03\/cropped-ABF-Logo-black.png\",\"width\":242,\"height\":51,\"caption\":\"Fahrschule ABF\"},\"image\":{\"@id\":\"http:\/\/fahrschuleabf.de\/#\/schema\/logo\/image\/\"}}]}<\/script>\n<!-- \/ Yoast SEO plugin. -->","yoast_head_json":{"title":"Impressum - Fahrschule ABF","description":"Erwerbe den Impressum in Alt-Glienicke mit der Fahrschule ABF. Erstklassige Ausbildung und Unterst\u00fctzung f\u00fcr deinen F\u00fchrerschein.","robots":{"index":"noindex","follow":"follow"},"og_locale":"de_DE","og_type":"article","og_title":"Impressum - Fahrschule ABF","og_description":"Erwerbe den Impressum in Alt-Glienicke mit der Fahrschule ABF. Erstklassige Ausbildung und Unterst\u00fctzung f\u00fcr deinen F\u00fchrerschein.","og_url":"http:\/\/fahrschuleabf.de\/?page_id=2018","og_site_name":"Fahrschule ABF","article_modified_time":"2024-03-21T23:39:13+00:00","twitter_card":"summary_large_image","twitter_misc":{"Gesch\u00e4tzte Lesezeit":"1 Minute"},"schema":{"@context":"https:\/\/schema.org","@graph":[{"@type":"WebPage","@id":"http:\/\/fahrschuleabf.de\/?page_id=2018","url":"http:\/\/fahrschuleabf.de\/?page_id=2018","name":"Impressum - Fahrschule ABF","isPartOf":{"@id":"http:\/\/fahrschuleabf.de\/#website"},"datePublished":"2024-03-09T22:16:26+00:00","dateModified":"2024-03-21T23:39:13+00:00","description":"Erwerbe den Impressum in Alt-Glienicke mit der Fahrschule ABF. Erstklassige Ausbildung und Unterst\u00fctzung f\u00fcr deinen F\u00fchrerschein.","breadcrumb":{"@id":"http:\/\/fahrschuleabf.de\/?page_id=2018#breadcrumb"},"inLanguage":"de-DE","potentialAction":[{"@type":"ReadAction","target":["http:\/\/fahrschuleabf.de\/?page_id=2018"]}]},{"@type":"BreadcrumbList","@id":"http:\/\/fahrschuleabf.de\/?page_id=2018#breadcrumb","itemListElement":[{"@type":"ListItem","position":1,"name":"Startseite","item":"http:\/\/fahrschuleabf.de\/"},{"@type":"ListItem","position":2,"name":"Impressum"}]},{"@type":"WebSite","@id":"http:\/\/fahrschuleabf.de\/#website","url":"http:\/\/fahrschuleabf.de\/","name":"Fahrschule ABF","description":"","publisher":{"@id":"http:\/\/fahrschuleabf.de\/#organization"},"potentialAction":[{"@type":"SearchAction","target":{"@type":"EntryPoint","urlTemplate":"http:\/\/fahrschuleabf.de\/?s={search_term_string}"},"query-input":{"@type":"PropertyValueSpecification","valueRequired":true,"valueName":"search_term_string"}}],"inLanguage":"de-DE"},{"@type":"Organization","@id":"http:\/\/fahrschuleabf.de\/#organization","name":"Fahrschule ABF","url":"http:\/\/fahrschuleabf.de\/","logo":{"@type":"ImageObject","inLanguage":"de-DE","@id":"http:\/\/fahrschuleabf.de\/#\/schema\/logo\/image\/","url":"http:\/\/fahrschuleabf.de\/wp-content\/uploads\/2024\/03\/cropped-ABF-Logo-black.png","contentUrl":"http:\/\/fahrschuleabf.de\/wp-content\/uploads\/2024\/03\/cropped-ABF-Logo-black.png","width":242,"height":51,"caption":"Fahrschule ABF"},"image":{"@id":"http:\/\/fahrschuleabf.de\/#\/schema\/logo\/image\/"}}]}},"_links":{"self":[{"href":"http:\/\/fahrschuleabf.de\/index.php?rest_route=\/wp\/v2\/pages\/2018"}],"collection":[{"href":"http:\/\/fahrschuleabf.de\/index.php?rest_route=\/wp\/v2\/pages"}],"about":[{"href":"http:\/\/fahrschuleabf.de\/index.php?rest_route=\/wp\/v2\/types\/page"}],"author":[{"embeddable":true,"href":"http:\/\/fahrschuleabf.de\/index.php?rest_route=\/wp\/v2\/users\/1"}],"replies":[{"embeddable":true,"href":"http:\/\/fahrschuleabf.de\/index.php?rest_route=%2Fwp%2Fv2%2Fcomments&post=2018"}],"version-history":[{"count":22,"href":"http:\/\/fahrschuleabf.de\/index.php?rest_route=\/wp\/v2\/pages\/2018\/revisions"}],"predecessor-version":[{"id":2339,"href":"http:\/\/fahrschuleabf.de\/index.php?rest_route=\/wp\/v2\/pages\/2018\/revisions\/2339"}],"wp:attachment":[{"href":"http:\/\/fahrschuleabf.de\/index.php?rest_route=%2Fwp%2Fv2%2Fmedia&parent=2018"}],"curies":[{"name":"wp","href":"https:\/\/api.w.org\/{rel}","templated":true}]}}